{"id":970,"date":"2015-01-25T22:33:10","date_gmt":"2015-01-25T22:33:10","guid":{"rendered":"http:\/\/gray-otter-722198.hostingersite.com\/?page_id=970"},"modified":"2026-03-30T16:37:59","modified_gmt":"2026-03-30T16:37:59","slug":"ukelelala","status":"publish","type":"page","link":"https:\/\/lallumdelavila.com\/blog\/ukelelala\/","title":{"rendered":"Ukelelala"},"content":{"rendered":"<h1 style=\"text-align: center;\"><span style=\"color: #ff6600;\"><strong>UKELELALA SEMPRE EN MARXA !!!<\/strong><\/span><\/h1>\n<h2 style=\"text-align: center;\"><span style=\"color: #ff6600;\"><strong>D&#8217;octubre a juny<\/strong><\/span><\/h2>\n<h2 style=\"text-align: center;\"><span style=\"color: #ff6600;\"><strong>Noves inscripcions obertes<\/strong><\/span><\/h2>\n<h2 style=\"text-align: center;\"><span style=\"color: #ff6600;\"><strong>Reserva pla\u00e7a a hola@lallumdelavila.com<\/strong><\/span><\/h2>\n<p><a href=\"https:\/\/lallumdelavila.com\/blog\/wp-content\/uploads\/2024\/06\/WhatsApp-Image-2024-06-14-at-09.51.28.jpeg\"><img loading=\"lazy\" decoding=\"async\" class=\"aligncenter wp-image-2662 size-large\" src=\"https:\/\/lallumdelavila.com\/blog\/wp-content\/uploads\/2024\/06\/WhatsApp-Image-2024-06-14-at-09.51.28-724x1024.jpeg\" alt=\"\" width=\"724\" height=\"1024\" srcset=\"https:\/\/lallumdelavila.com\/blog\/wp-content\/uploads\/2024\/06\/WhatsApp-Image-2024-06-14-at-09.51.28-724x1024.jpeg 724w, https:\/\/lallumdelavila.com\/blog\/wp-content\/uploads\/2024\/06\/WhatsApp-Image-2024-06-14-at-09.51.28-212x300.jpeg 212w, https:\/\/lallumdelavila.com\/blog\/wp-content\/uploads\/2024\/06\/WhatsApp-Image-2024-06-14-at-09.51.28-768x1086.jpeg 768w, https:\/\/lallumdelavila.com\/blog\/wp-content\/uploads\/2024\/06\/WhatsApp-Image-2024-06-14-at-09.51.28.jpeg 905w\" sizes=\"auto, (max-width: 724px) 100vw, 724px\" \/><\/a><\/p>\n<p><strong>Apr\u00e8n a tocar l&#8217;Ukelele en un curs de luxe !!!<\/strong><\/p>\n<p><a href=\"https:\/\/lallumdelavila.com\/blog\/wp-content\/uploads\/2024\/06\/WhatsApp-Image-2024-06-17-at-17.39.00.jpeg\"><img loading=\"lazy\" decoding=\"async\" class=\"size-medium wp-image-2669 alignleft\" src=\"https:\/\/lallumdelavila.com\/blog\/wp-content\/uploads\/2024\/06\/WhatsApp-Image-2024-06-17-at-17.39.00-199x300.jpeg\" alt=\"\" width=\"199\" height=\"300\" srcset=\"https:\/\/lallumdelavila.com\/blog\/wp-content\/uploads\/2024\/06\/WhatsApp-Image-2024-06-17-at-17.39.00-199x300.jpeg 199w, https:\/\/lallumdelavila.com\/blog\/wp-content\/uploads\/2024\/06\/WhatsApp-Image-2024-06-17-at-17.39.00-680x1024.jpeg 680w, https:\/\/lallumdelavila.com\/blog\/wp-content\/uploads\/2024\/06\/WhatsApp-Image-2024-06-17-at-17.39.00-768x1156.jpeg 768w, https:\/\/lallumdelavila.com\/blog\/wp-content\/uploads\/2024\/06\/WhatsApp-Image-2024-06-17-at-17.39.00-1020x1536.jpeg 1020w, https:\/\/lallumdelavila.com\/blog\/wp-content\/uploads\/2024\/06\/WhatsApp-Image-2024-06-17-at-17.39.00.jpeg 1063w\" sizes=\"auto, (max-width: 199px) 100vw, 199px\" \/><\/a><\/p>\n<p>Un curs \u00fanic i ben especial, a La Llum de la Vila i de la m\u00e0 Salva Rey, el \u00abREY DE L&#8217;UKELELE\u00bb autor de \u00abUKELELALA, APRENDE A TOCAR EL UKELELE EN FAMILIA\u00bb i \u00abUKE, EL MEU PRIMER LLIBRE D&#8217;UKELELE\u00bb, que t\u2019ensenyar\u00e0 a tocar l&#8217;Ukelele i a incorporar la m\u00fasica al teu dia a dia.<\/p>\n<p>\u00ab<span style=\"font-size: revert; color: initial;\">Per qu\u00e8 fem servir l&#8217;ukelele? Aquest instrument t\u00e9 tota una s\u00e8rie d&#8217;avantatges, que ja l&#8217;han dut a desbancar a la flauta dol\u00e7a com a instrument per a l&#8217;aprenentatge musical a les escoles de prim\u00e0ria a diversos pa\u00efsos europeus.<\/span><\/p>\n<p>Les avantatges de l&#8217;ukelele s\u00f3n que:<\/p>\n<p>a) \u00c9s pr\u00e0ctic de guardar i transportar. T\u00e9 un manteniment m\u00ednim.<\/p>\n<p>b) \u00c9s barat; per la meitat del que costa una guitarra de principiant tenim un bon ukelele (60\u20ac aprox.).<\/p>\n<p>c) No intimida els nens, com pot fer-ho per exemple la guitarra (sobre tot als m\u00e9s petits de la casa).<\/p>\n<p>d) No cal tenir ni les mans grans, ni gaire for\u00e7a als dits per tocar-lo.<\/p>\n<p>e) La formaci\u00f3 d&#8217;acords \u00e9s molt senzilla.<\/p>\n<div id=\"attachment_2673\" style=\"width: 967px\" class=\"wp-caption aligncenter\"><a href=\"https:\/\/lallumdelavila.com\/blog\/wp-content\/uploads\/2024\/06\/WhatsApp-Image-2024-06-17-at-17.45.22.jpeg\"><img loading=\"lazy\" decoding=\"async\" aria-describedby=\"caption-attachment-2673\" class=\"wp-image-2673 size-full\" src=\"https:\/\/lallumdelavila.com\/blog\/wp-content\/uploads\/2024\/06\/WhatsApp-Image-2024-06-17-at-17.45.22.jpeg\" alt=\"\" width=\"957\" height=\"549\" srcset=\"https:\/\/lallumdelavila.com\/blog\/wp-content\/uploads\/2024\/06\/WhatsApp-Image-2024-06-17-at-17.45.22.jpeg 957w, https:\/\/lallumdelavila.com\/blog\/wp-content\/uploads\/2024\/06\/WhatsApp-Image-2024-06-17-at-17.45.22-300x172.jpeg 300w, https:\/\/lallumdelavila.com\/blog\/wp-content\/uploads\/2024\/06\/WhatsApp-Image-2024-06-17-at-17.45.22-768x441.jpeg 768w\" sizes=\"auto, (max-width: 957px) 100vw, 957px\" \/><\/a><p id=\"caption-attachment-2673\" class=\"wp-caption-text\">Manuals del curs<\/p><\/div>\n<p>A Ukelelala desmitificarem una mica el proc\u00e9s d&#8217;aprenentatge de l&#8217;instrument. Combinant-lo amb t\u00e8cniques narratives, descobrirem que amb una quantitat molt redu\u00efda de posicions de dits podrem abastar un repertori immens, i no nom\u00e9s de can\u00e7\u00f3 infantil\u2026<\/p>\n<p>Al principi del curs es proposarem\u00a0una s\u00e8rie de can\u00e7ons, per\u00f2 totes les propostes per part dels participants seran benvingudes.\u00bb<\/p>\n<p style=\"text-align: right;\">SALVA REY<\/p>\n<div style=\"width: 848px;\" class=\"wp-video\"><!--[if lt IE 9]><script>document.createElement('video');<\/script><![endif]-->\n<video class=\"wp-video-shortcode\" id=\"video-970-1\" width=\"848\" height=\"480\" preload=\"metadata\" controls=\"controls\"><source type=\"video\/mp4\" src=\"https:\/\/lallumdelavila.com\/blog\/wp-content\/uploads\/2018\/04\/Alumnes-Ukelelala-a-La-llum-de-la-Vila.mp4?_=1\" \/><a href=\"https:\/\/lallumdelavila.com\/blog\/wp-content\/uploads\/2018\/04\/Alumnes-Ukelelala-a-La-llum-de-la-Vila.mp4\">https:\/\/lallumdelavila.com\/blog\/wp-content\/uploads\/2018\/04\/Alumnes-Ukelelala-a-La-llum-de-la-Vila.mp4<\/a><\/video><\/div>\n<p><strong style=\"font-size: revert; color: initial;\">TARIFES I HORARIS:<\/strong><\/p>\n<p><strong><span style=\"color: #ff6600;\">Grup Junior:<\/span><\/strong><\/p>\n<p>Per a nens i nenes de +8 anys<\/p>\n<p>Dilluns a les 17.30h<\/p>\n<p>Tarifes: 195\u20ac\/trimestre<\/p>\n<p><strong><span style=\"color: #ff6600;\">Grup Adults Iniciaci\u00f3:<\/span><\/strong><\/p>\n<p>Per a fans de l&#8217;ukelele de +18<\/p>\n<p>Dilluns a les 18.30h<\/p>\n<p>Tarifes: 195\u20ac el 1r trimestre<\/p>\n<p><strong><span style=\"color: #ff6600;\">Grup Adults Masters:<\/span><\/strong><\/p>\n<p>Per als que hagin fet el 1r curs d&#8217;Ukelelala<\/p>\n<p>Dilluns a les 20h<\/p>\n<p>Tarifes: 195\u20ac\/trimestre<\/p>\n<p><strong>Grups de m\u00e0xim 8 Places !!! 6 per als Junior !!!<\/strong><\/p>\n<p>Reserves per ordre d&#8217;inscripci\u00f3 a <a href=\"mailto:hola@gray-otter-722198.hostingersite.com\">hola@lallumdelavila.com<\/a><\/p>\n<p>Per confirmar la reserva de la pla\u00e7a cal fer un ingr\u00e9s de 50\u20ac a compte al IBAN de PETITS I GRANS, SL: ES34 0081 0376 4300 0125 5335<\/p>\n<p>Per a m\u00e9s informaci\u00f3 ens podeu trucar al 639 83 24 36<\/p>\n<p><a href=\"https:\/\/lallumdelavila.com\/blog\/wp-content\/uploads\/2019\/07\/Diplomats-18-19.jpg\"><img loading=\"lazy\" decoding=\"async\" class=\"size-full wp-image-2394\" src=\"https:\/\/lallumdelavila.com\/blog\/wp-content\/uploads\/2019\/07\/Diplomats-18-19.jpg\" alt=\"\" width=\"800\" height=\"452\" srcset=\"https:\/\/lallumdelavila.com\/blog\/wp-content\/uploads\/2019\/07\/Diplomats-18-19.jpg 800w, https:\/\/lallumdelavila.com\/blog\/wp-content\/uploads\/2019\/07\/Diplomats-18-19-300x170.jpg 300w, https:\/\/lallumdelavila.com\/blog\/wp-content\/uploads\/2019\/07\/Diplomats-18-19-768x434.jpg 768w\" sizes=\"auto, (max-width: 800px) 100vw, 800px\" \/><\/a><\/p>\n","protected":false},"excerpt":{"rendered":"<p>UKELELALA SEMPRE EN MARXA !!! D&#8217;octubre a juny Noves inscripcions obertes Reserva pla\u00e7a a hola@lallumdelavila.com Apr\u00e8n a tocar l&#8217;Ukelele en un curs de luxe !!! Un curs \u00fanic i ben especial, a La Llum de la Vila i de la m\u00e0 Salva Rey, el \u00abREY DE L&#8217;UKELELE\u00bb autor de \u00abUKELELALA, APRENDE A TOCAR EL UKELELE [&hellip;]<\/p>\n","protected":false},"author":1,"featured_media":2304,"parent":0,"menu_order":0,"comment_status":"open","ping_status":"open","template":"","meta":{"footnotes":""},"class_list":["post-970","page","type-page","status-publish","has-post-thumbnail","czr-hentry"],"_links":{"self":[{"href":"https:\/\/lallumdelavila.com\/blog\/wp-json\/wp\/v2\/pages\/970","targetHints":{"allow":["GET"]}}],"collection":[{"href":"https:\/\/lallumdelavila.com\/blog\/wp-json\/wp\/v2\/pages"}],"about":[{"href":"https:\/\/lallumdelavila.com\/blog\/wp-json\/wp\/v2\/types\/page"}],"author":[{"embeddable":true,"href":"https:\/\/lallumdelavila.com\/blog\/wp-json\/wp\/v2\/users\/1"}],"replies":[{"embeddable":true,"href":"https:\/\/lallumdelavila.com\/blog\/wp-json\/wp\/v2\/comments?post=970"}],"version-history":[{"count":66,"href":"https:\/\/lallumdelavila.com\/blog\/wp-json\/wp\/v2\/pages\/970\/revisions"}],"predecessor-version":[{"id":2820,"href":"https:\/\/lallumdelavila.com\/blog\/wp-json\/wp\/v2\/pages\/970\/revisions\/2820"}],"wp:featuredmedia":[{"embeddable":true,"href":"https:\/\/lallumdelavila.com\/blog\/wp-json\/wp\/v2\/media\/2304"}],"wp:attachment":[{"href":"https:\/\/lallumdelavila.com\/blog\/wp-json\/wp\/v2\/media?parent=970"}],"curies":[{"name":"wp","href":"https:\/\/api.w.org\/{rel}","templated":true}]}}