{"id":39,"date":"2013-10-30T20:55:17","date_gmt":"2013-10-30T20:55:17","guid":{"rendered":"http:\/\/lallumdelavila.com\/blog\/?page_id=39"},"modified":"2020-11-17T19:38:10","modified_gmt":"2020-11-17T19:38:10","slug":"tarifes","status":"publish","type":"page","link":"https:\/\/lallumdelavila.com\/blog\/tarifes\/","title":{"rendered":"Horaris i Tarifes"},"content":{"rendered":"<h2 style=\"text-align: center;\"><span style=\"color: #ff6600;\"><strong>LA LLUM DE LA VILA<\/strong><\/span><\/h2>\n<h2 style=\"text-align: center;\"><span style=\"color: #ff6600;\"><strong><span style=\"line-height: inherit;\">HORARI ESPAI DE JOCS CURS 2020-2021<\/span><\/strong><\/span><\/h2>\n<p style=\"text-align: center;\"><b>FINS A NOVA ORDRE DEL GOVERN, L&#8217;ESPAI DE JOCS ROMANDR\u00c0 TANCAT PER PREVENCI\u00d3 DE LA PAND\u00c8MIA DE LA COVID-19<\/b><\/p>\n<p style=\"text-align: center;\">\n<p style=\"text-align: left;\"><strong>Tarifa\u00a0d&#8217;entrada espai de jocs: 3\u20ac\/familia<\/strong><\/p>\n<p><strong>Inclou<\/strong>:<\/p>\n<ul>\n<li><span class=\"Apple-style-span\" style=\"display: inline; float: none;\">Espai de jocs<\/span><\/li>\n<li><span class=\"Apple-style-span\" style=\"display: inline; float: none;\">Espai de mares i pares<\/span><\/li>\n<li>Servei Snack per 1\u20ac (t\u00e8, caf\u00e8)<\/li>\n<li>Podeu dur menjar de casa \ud83d\ude09<\/li>\n<\/ul>\n<h3><\/h3>\n","protected":false},"excerpt":{"rendered":"<p>LA LLUM DE LA VILA HORARI ESPAI DE JOCS CURS 2020-2021 FINS A NOVA ORDRE DEL GOVERN, L&#8217;ESPAI DE JOCS ROMANDR\u00c0 TANCAT PER PREVENCI\u00d3 DE LA PAND\u00c8MIA DE LA COVID-19 Tarifa\u00a0d&#8217;entrada espai de jocs: 3\u20ac\/familia Inclou: Espai de jocs Espai de mares i pares Servei Snack per 1\u20ac (t\u00e8, caf\u00e8) Podeu dur menjar de casa [&hellip;]<\/p>\n","protected":false},"author":2,"featured_media":0,"parent":0,"menu_order":0,"comment_status":"open","ping_status":"closed","template":"","meta":{"footnotes":""},"class_list":["post-39","page","type-page","status-publish","czr-hentry"],"_links":{"self":[{"href":"https:\/\/lallumdelavila.com\/blog\/wp-json\/wp\/v2\/pages\/39","targetHints":{"allow":["GET"]}}],"collection":[{"href":"https:\/\/lallumdelavila.com\/blog\/wp-json\/wp\/v2\/pages"}],"about":[{"href":"https:\/\/lallumdelavila.com\/blog\/wp-json\/wp\/v2\/types\/page"}],"author":[{"embeddable":true,"href":"https:\/\/lallumdelavila.com\/blog\/wp-json\/wp\/v2\/users\/2"}],"replies":[{"embeddable":true,"href":"https:\/\/lallumdelavila.com\/blog\/wp-json\/wp\/v2\/comments?post=39"}],"version-history":[{"count":57,"href":"https:\/\/lallumdelavila.com\/blog\/wp-json\/wp\/v2\/pages\/39\/revisions"}],"predecessor-version":[{"id":2513,"href":"https:\/\/lallumdelavila.com\/blog\/wp-json\/wp\/v2\/pages\/39\/revisions\/2513"}],"wp:attachment":[{"href":"https:\/\/lallumdelavila.com\/blog\/wp-json\/wp\/v2\/media?parent=39"}],"curies":[{"name":"wp","href":"https:\/\/api.w.org\/{rel}","templated":true}]}}