{"id":37,"date":"2013-10-30T20:54:06","date_gmt":"2013-10-30T20:54:06","guid":{"rendered":"http:\/\/lallumdelavila.com\/blog\/?page_id=37"},"modified":"2026-03-30T16:40:52","modified_gmt":"2026-03-30T16:40:52","slug":"entra","status":"publish","type":"page","link":"https:\/\/lallumdelavila.com\/blog\/entra\/","title":{"rendered":"LLOGUER DE L&#8217;ESPAI"},"content":{"rendered":"\n<h2 class=\"wp-block-heading\">Podeu venir a La Llum de la Vila per organitzar una festa o trobada, recomanat per a fam\u00edlies amb peques d&#8217;1 a 3 anys (altres edats consultar, gr\u00e0cies).<\/h2>\n\n\n\n<figure class=\"wp-block-image size-large\"><a href=\"https:\/\/lallumdelavila.com\/blog\/wp-content\/uploads\/2020\/10\/IMG_0560.jpg\"><img loading=\"lazy\" decoding=\"async\" width=\"1024\" height=\"767\" src=\"https:\/\/lallumdelavila.com\/blog\/wp-content\/uploads\/2020\/10\/IMG_0560-1024x767.jpg\" alt=\"\" class=\"wp-image-2486\" srcset=\"https:\/\/lallumdelavila.com\/blog\/wp-content\/uploads\/2020\/10\/IMG_0560-1024x767.jpg 1024w, https:\/\/lallumdelavila.com\/blog\/wp-content\/uploads\/2020\/10\/IMG_0560-300x225.jpg 300w, https:\/\/lallumdelavila.com\/blog\/wp-content\/uploads\/2020\/10\/IMG_0560-768x576.jpg 768w, https:\/\/lallumdelavila.com\/blog\/wp-content\/uploads\/2020\/10\/IMG_0560-1536x1151.jpg 1536w, https:\/\/lallumdelavila.com\/blog\/wp-content\/uploads\/2020\/10\/IMG_0560.jpg 2000w\" sizes=\"auto, (max-width: 1024px) 100vw, 1024px\" \/><\/a><figcaption class=\"wp-element-caption\">A JUGAAAAR!!!<\/figcaption><\/figure>\n\n\n\n<p><strong>Horaris i Tarifes per al Lloguer de l&#8217;espai (100 m2):<\/strong><\/p>\n\n\n\n<ul class=\"wp-block-list\">\n<li>Dissabtes, Diumenges i Festius: 195\u20ac (matins o tardes, horaris a consultar)<\/li>\n<\/ul>\n\n\n\n<p><strong>Inclou<\/strong>:<\/p>\n\n\n\n<ul class=\"wp-block-list\">\n<li>Sala La Vila de jocs i joguines<\/li>\n\n\n\n<li>Sala La Llum per berenar i ballar<\/li>\n\n\n\n<li>Tamb\u00e9 disposem de:<br>\u2022 Nevera, microones, cafetera i tetera (caf\u00e8 i t\u00e8 no inclosos)<br>\u2022 Reproductor de m\u00fasica<br>\u2022 3 taules de c\u00e0tering<br>\u2022 3 tauletes infantils i cadiretes (12 pax)<\/li>\n<\/ul>\n\n\n\n<p>Per confirmar la reserva cal fer un ingr\u00e9s de 65\u20ac al IBAN ES34 0081 0376 4300 0125 5335, la resta es paga el mateix dia de la festa.<\/p>\n\n\n\n<p class=\"has-text-align-center\"><strong>Avisa\u2019ns i que per molts anys ho puguem celebrar!!!<\/strong><\/p>\n","protected":false},"excerpt":{"rendered":"<p>Podeu venir a La Llum de la Vila per organitzar una festa o trobada, recomanat per a fam\u00edlies amb peques d&#8217;1 a 3 anys (altres edats consultar, gr\u00e0cies). Horaris i Tarifes per al Lloguer de l&#8217;espai (100 m2): Inclou: Per confirmar la reserva cal fer un ingr\u00e9s de 65\u20ac al IBAN ES34 0081 0376 4300 [&hellip;]<\/p>\n","protected":false},"author":2,"featured_media":2486,"parent":0,"menu_order":0,"comment_status":"closed","ping_status":"closed","template":"","meta":{"footnotes":""},"class_list":["post-37","page","type-page","status-publish","has-post-thumbnail","czr-hentry"],"_links":{"self":[{"href":"https:\/\/lallumdelavila.com\/blog\/wp-json\/wp\/v2\/pages\/37","targetHints":{"allow":["GET"]}}],"collection":[{"href":"https:\/\/lallumdelavila.com\/blog\/wp-json\/wp\/v2\/pages"}],"about":[{"href":"https:\/\/lallumdelavila.com\/blog\/wp-json\/wp\/v2\/types\/page"}],"author":[{"embeddable":true,"href":"https:\/\/lallumdelavila.com\/blog\/wp-json\/wp\/v2\/users\/2"}],"replies":[{"embeddable":true,"href":"https:\/\/lallumdelavila.com\/blog\/wp-json\/wp\/v2\/comments?post=37"}],"version-history":[{"count":50,"href":"https:\/\/lallumdelavila.com\/blog\/wp-json\/wp\/v2\/pages\/37\/revisions"}],"predecessor-version":[{"id":2822,"href":"https:\/\/lallumdelavila.com\/blog\/wp-json\/wp\/v2\/pages\/37\/revisions\/2822"}],"wp:featuredmedia":[{"embeddable":true,"href":"https:\/\/lallumdelavila.com\/blog\/wp-json\/wp\/v2\/media\/2486"}],"wp:attachment":[{"href":"https:\/\/lallumdelavila.com\/blog\/wp-json\/wp\/v2\/media?parent=37"}],"curies":[{"name":"wp","href":"https:\/\/api.w.org\/{rel}","templated":true}]}}