{"id":276,"date":"2014-03-04T09:29:28","date_gmt":"2014-03-04T09:29:28","guid":{"rendered":"http:\/\/gray-otter-722198.hostingersite.com\/?page_id=276"},"modified":"2024-06-16T08:44:33","modified_gmt":"2024-06-16T08:44:33","slug":"tallers","status":"publish","type":"page","link":"https:\/\/lallumdelavila.com\/blog\/tallers\/","title":{"rendered":"Cursos, Tallers i Extraescolars"},"content":{"rendered":"<h2><span style=\"color: #ff6600;\">Els Cursos, Tallers i Extraescolars de la Llum de la Vila:<\/span><\/h2>\n<p>Tots pensats perqu\u00e8 ho disfruteu molt !!!<\/p>\n<p>A continuaci\u00f3 teniu un resum d&#8217;horaris i link als apartats on podreu veure m\u00e9s\u00a0informaci\u00f3 detallada de cadasc\u00fan dels cursos.<\/p>\n<h3><strong>Inscripcions\u00a0a\u00a0hola@gray-otter-722198.hostingersite.com<\/strong><\/h3>\n<p><strong>Dilluns<\/strong>:<\/p>\n<p>17.30h <a href=\"https:\/\/lallumdelavila.com\/blog\/ukelelala-junior\/\">Ukelelala Junior<\/a><\/p>\n<p>18.30h <a href=\"https:\/\/lallumdelavila.com\/blog\/ukelelala\/\">Ukelelala Adults Iniciaci\u00f3<\/a><\/p>\n<p>20h <a href=\"https:\/\/lallumdelavila.com\/blog\/ukelelala\/\">Ukelelala Masters<\/a><\/p>\n<p><strong>Dimarts<\/strong>:<\/p>\n<p>17.15h M\u00fasica en fam\u00edlia<\/p>\n<p>18.15h M\u00fasica en fam\u00edlia<\/p>\n","protected":false},"excerpt":{"rendered":"<p>Els Cursos, Tallers i Extraescolars de la Llum de la Vila: Tots pensats perqu\u00e8 ho disfruteu molt !!! A continuaci\u00f3 teniu un resum d&#8217;horaris i link als apartats on podreu veure m\u00e9s\u00a0informaci\u00f3 detallada de cadasc\u00fan dels cursos. Inscripcions\u00a0a\u00a0hola@gray-otter-722198.hostingersite.com Dilluns: 17.30h Ukelelala Junior 18.30h Ukelelala Adults Iniciaci\u00f3 20h Ukelelala Masters Dimarts: 17.15h M\u00fasica en fam\u00edlia 18.15h [&hellip;]<\/p>\n","protected":false},"author":2,"featured_media":0,"parent":0,"menu_order":0,"comment_status":"open","ping_status":"closed","template":"","meta":{"footnotes":""},"class_list":["post-276","page","type-page","status-publish","czr-hentry"],"_links":{"self":[{"href":"https:\/\/lallumdelavila.com\/blog\/wp-json\/wp\/v2\/pages\/276","targetHints":{"allow":["GET"]}}],"collection":[{"href":"https:\/\/lallumdelavila.com\/blog\/wp-json\/wp\/v2\/pages"}],"about":[{"href":"https:\/\/lallumdelavila.com\/blog\/wp-json\/wp\/v2\/types\/page"}],"author":[{"embeddable":true,"href":"https:\/\/lallumdelavila.com\/blog\/wp-json\/wp\/v2\/users\/2"}],"replies":[{"embeddable":true,"href":"https:\/\/lallumdelavila.com\/blog\/wp-json\/wp\/v2\/comments?post=276"}],"version-history":[{"count":53,"href":"https:\/\/lallumdelavila.com\/blog\/wp-json\/wp\/v2\/pages\/276\/revisions"}],"predecessor-version":[{"id":2660,"href":"https:\/\/lallumdelavila.com\/blog\/wp-json\/wp\/v2\/pages\/276\/revisions\/2660"}],"wp:attachment":[{"href":"https:\/\/lallumdelavila.com\/blog\/wp-json\/wp\/v2\/media?parent=276"}],"curies":[{"name":"wp","href":"https:\/\/api.w.org\/{rel}","templated":true}]}}