{"id":248,"date":"2014-03-04T09:13:18","date_gmt":"2014-03-04T09:13:18","guid":{"rendered":"http:\/\/gray-otter-722198.hostingersite.com\/?page_id=248"},"modified":"2018-01-09T10:42:43","modified_gmt":"2018-01-09T10:42:43","slug":"angles","status":"publish","type":"page","link":"https:\/\/lallumdelavila.com\/blog\/tallers\/angles\/","title":{"rendered":"IDIOMES EN FAMILIA"},"content":{"rendered":"<h3><\/h3>\n<h1 style=\"text-align: center;\"><span style=\"color: #ff6600;\">\u00abSensory\u00a0Play Time\u00bb\u00a0<\/span><span style=\"color: #ff6600;\">in\u00a0<\/span><span style=\"color: #ff6600;\">English<\/span><\/h1>\n<h1 style=\"text-align: center;\"><span style=\"color: #ff6600;\">\u00abIl \u00e9tait une fois\u00bb en Fran\u00e7ais <strong>NEW !!!<\/strong><\/span><\/h1>\n<p><a href=\"https:\/\/lallumdelavila.com\/blog\/wp-content\/uploads\/2017\/02\/sensory-4.jpg\"><img loading=\"lazy\" decoding=\"async\" class=\"aligncenter size-full wp-image-1816\" src=\"https:\/\/lallumdelavila.com\/blog\/wp-content\/uploads\/2017\/02\/sensory-4.jpg\" alt=\"sensory 4\" width=\"880\" height=\"462\" srcset=\"https:\/\/lallumdelavila.com\/blog\/wp-content\/uploads\/2017\/02\/sensory-4.jpg 880w, https:\/\/lallumdelavila.com\/blog\/wp-content\/uploads\/2017\/02\/sensory-4-300x158.jpg 300w, https:\/\/lallumdelavila.com\/blog\/wp-content\/uploads\/2017\/02\/sensory-4-768x403.jpg 768w\" sizes=\"auto, (max-width: 880px) 100vw, 880px\" \/><\/a><\/p>\n<p>&nbsp;<\/p>\n<p>&nbsp;<\/p>\n<p><span style=\"color: #ff6600;\"><strong>\u00abIL \u00c9TAIT UNE FOIS\u00bb<\/strong><\/span><\/p>\n<p><strong>Activit\u00e9s en fran\u00e7ais pour enfants francophones 4-6 ans <\/strong><\/p>\n<p>Venez jouer et apprendre en fran\u00e7ais !<\/p>\n<p>Pour les petits de 4 \u00e0 6 ans, nous proposons des activit\u00e9s ludiques centr\u00e9es sur la pratique de la langue orale, un premier contact avec le fran\u00e7ais \u00e9crit (pour les plus grands) et la d\u00e9couverte de la culture francophone. \u00c0 travers des histoires, des comptines et des jeux, les enfants apprennent \u00e0 vivre le fran\u00e7ais en dehors de l\u2019espace familial. Bricolages et dessins viennent illustrer les th\u00e8mes abord\u00e9s \u00e0 chaque s\u00e9ance.<\/p>\n<p>&nbsp;<\/p>\n<p>Tarif\u00a0: 12 euros\/s\u00e9ance<\/p>\n<p>Quand\u00a0: de 17\u00a0:15 \u00e0 18\u00a0:15 le premier et troisi\u00e8me jeudi du mois \u00e0 partir du 18 janvier (18\/01, 1\/02, 15\/02, 1\/03, 15\/03, 5\/04, 19\/04, 3\/05, 17\/05, 31\/05, 14\/06)<\/p>\n<p>&nbsp;<\/p>\n<p><em>\u00c0 propos de Il \u00e9tait une fois<\/em><\/p>\n<p>L\u2019association Il \u00e9tait une fois propose des cours de fran\u00e7ais pour enfants francophones qui ne suivent pas leur scolarit\u00e9 en fran\u00e7ais.<\/p>\n<p>L\u2019objectif est de permettre \u00e0 ces enfants de d\u00e9velopper un contact privil\u00e9gi\u00e9 avec la culture francophone et la langue et de d\u00e9velopper leurs connaissances orales et \u00e9crites \u00e0 travers des activit\u00e9s ludiques. Nous travaillons avec des groupes r\u00e9duits organis\u00e9s en fonction des \u00e2ges et des niveaux scolaires.<\/p>\n<p>&nbsp;<\/p>\n<p>&nbsp;<\/p>\n<p>&nbsp;<\/p>\n<p style=\"text-align: left;\"><strong>SENSORY PLAY TIME<\/strong><\/p>\n<p style=\"text-align: left;\">Con Target English <span style=\"color: #000000;\">(<span class=\"s1\"><a style=\"color: #000000;\" href=\"http:\/\/www.targetenglish.es\/\">www.targetenglish.es<\/a>)<\/span><\/span><\/p>\n<p style=\"text-align: left;\">Para familias con\u00a0peques de 0 a 5 a\u00f1os<\/p>\n<p style=\"text-align: left;\">Horarios:\u00a0Pendiente de abrir grupo, m\u00ednimo 4 familias<\/p>\n<p style=\"text-align: left;\">Tarifa: 15\u20ac\u00a0familia (todos los materiales incluidos)<\/p>\n<p style=\"text-align: left;\">Reservas: hola@gray-otter-722198.hostingersite.com<\/p>\n<h3 style=\"text-align: left;\"><\/h3>\n<p class=\"p1\"><b><a href=\"https:\/\/lallumdelavila.com\/blog\/wp-content\/uploads\/2017\/02\/sensory-2.jpg\"><img loading=\"lazy\" decoding=\"async\" class=\"alignleft wp-image-1809 size-medium\" src=\"https:\/\/lallumdelavila.com\/blog\/wp-content\/uploads\/2017\/02\/sensory-2-300x201.jpg\" alt=\"sensory 2\" width=\"300\" height=\"201\" srcset=\"https:\/\/lallumdelavila.com\/blog\/wp-content\/uploads\/2017\/02\/sensory-2-300x201.jpg 300w, https:\/\/lallumdelavila.com\/blog\/wp-content\/uploads\/2017\/02\/sensory-2.jpg 582w\" sizes=\"auto, (max-width: 300px) 100vw, 300px\" \/><\/a>Sensory Play!!<\/b><\/p>\n<p class=\"p1\">Es una actividad de juego<span class=\"s1\">\u00a0sensorial<\/span>\u00a0para familias\u00a0con peques desde 18 meses a 5 a\u00f1os en Ingl\u00e9s\/Franc\u00e9s. Pensado para mantener\u00a0el idioma paterno o materno en la familia y ayudar a vincularlo en el d\u00eda a d\u00eda\u00a0de una forma l\u00fadica.<\/p>\n<p class=\"p1\">Estimulamos todos los sentidos de los ni\u00f1os en un espacio de juego a trav\u00e9s de actividades y materiales que sorprender\u00e1n a tu beb\u00e9 o ni\u00f1o, abri\u00e9ndole una ventana de sensaciones y descubrimiento.<\/p>\n<p class=\"p1\">Tambi\u00e9n ser\u00e1 un\u00a0acercamiento al idioma, todo lo hacemos como una profesora nativa que habla a los beb\u00e9s en su idioma. Es una oportunidad para los padres que quieren practicar y mejorar su lengua\u00a0mientras juegan con sus beb\u00e9s,\u00a0contactar con\u00a0un grupo social en relaci\u00f3n al idioma, habitualmente paterno o materno, a la vez que mantenemos y traspasamos las costumbres culturales caracter\u00edsticas de cada pa\u00eds a los peques de la familia.<\/p>\n<p class=\"p2\"><span class=\"s2\"><a href=\"https:\/\/lallumdelavila.com\/blog\/wp-content\/uploads\/2017\/02\/sensory-1.jpg\"><img loading=\"lazy\" decoding=\"async\" class=\"alignright wp-image-1810 size-medium\" src=\"https:\/\/lallumdelavila.com\/blog\/wp-content\/uploads\/2017\/02\/sensory-1-300x199.jpg\" alt=\"sensory 1\" width=\"300\" height=\"199\" srcset=\"https:\/\/lallumdelavila.com\/blog\/wp-content\/uploads\/2017\/02\/sensory-1-300x199.jpg 300w, https:\/\/lallumdelavila.com\/blog\/wp-content\/uploads\/2017\/02\/sensory-1.jpg 500w\" sizes=\"auto, (max-width: 300px) 100vw, 300px\" \/><\/a>Adem\u00e1s las actividades sensoriales a<\/span>yudan al ni\u00f1o a desarrollar su \u00e1rea cognitiva, ling\u00fc\u00edstica, social, emocional y creativa.<\/p>\n<p class=\"p2\">Ven a con tu beb\u00e9 o ni\u00f1o y\u00a0<b>sorpr\u00e9ndete<\/b>!<\/p>\n","protected":false},"excerpt":{"rendered":"<p>\u00abSensory\u00a0Play Time\u00bb\u00a0in\u00a0English \u00abIl \u00e9tait une fois\u00bb en Fran\u00e7ais NEW !!! &nbsp; &nbsp; \u00abIL \u00c9TAIT UNE FOIS\u00bb Activit\u00e9s en fran\u00e7ais pour enfants francophones 4-6 ans Venez jouer et apprendre en fran\u00e7ais ! Pour les petits de 4 \u00e0 6 ans, nous proposons des activit\u00e9s ludiques centr\u00e9es sur la pratique de la langue orale, un premier contact [&hellip;]<\/p>\n","protected":false},"author":2,"featured_media":1816,"parent":276,"menu_order":0,"comment_status":"open","ping_status":"closed","template":"","meta":{"footnotes":""},"class_list":["post-248","page","type-page","status-publish","has-post-thumbnail","czr-hentry"],"_links":{"self":[{"href":"https:\/\/lallumdelavila.com\/blog\/wp-json\/wp\/v2\/pages\/248","targetHints":{"allow":["GET"]}}],"collection":[{"href":"https:\/\/lallumdelavila.com\/blog\/wp-json\/wp\/v2\/pages"}],"about":[{"href":"https:\/\/lallumdelavila.com\/blog\/wp-json\/wp\/v2\/types\/page"}],"author":[{"embeddable":true,"href":"https:\/\/lallumdelavila.com\/blog\/wp-json\/wp\/v2\/users\/2"}],"replies":[{"embeddable":true,"href":"https:\/\/lallumdelavila.com\/blog\/wp-json\/wp\/v2\/comments?post=248"}],"version-history":[{"count":61,"href":"https:\/\/lallumdelavila.com\/blog\/wp-json\/wp\/v2\/pages\/248\/revisions"}],"predecessor-version":[{"id":2045,"href":"https:\/\/lallumdelavila.com\/blog\/wp-json\/wp\/v2\/pages\/248\/revisions\/2045"}],"up":[{"embeddable":true,"href":"https:\/\/lallumdelavila.com\/blog\/wp-json\/wp\/v2\/pages\/276"}],"wp:featuredmedia":[{"embeddable":true,"href":"https:\/\/lallumdelavila.com\/blog\/wp-json\/wp\/v2\/media\/1816"}],"wp:attachment":[{"href":"https:\/\/lallumdelavila.com\/blog\/wp-json\/wp\/v2\/media?parent=248"}],"curies":[{"name":"wp","href":"https:\/\/api.w.org\/{rel}","templated":true}]}}