{"id":2,"date":"2013-10-23T15:37:31","date_gmt":"2013-10-23T15:37:31","guid":{"rendered":"http:\/\/lallumdelavila.com\/blog\/?page_id=2"},"modified":"2025-02-16T19:23:24","modified_gmt":"2025-02-16T19:23:24","slug":"sample-page","status":"publish","type":"page","link":"https:\/\/lallumdelavila.com\/blog\/sample-page\/","title":{"rendered":"Hola"},"content":{"rendered":"<p><span class=\"Apple-style-span\" style=\"display: inline; float: none;\">Benvolgudes fam\u00edlies,<\/span><\/p>\n<p>\u00c9s un plaer obrir-vos les portes a <span style=\"color: #ff6600;\"><strong>La Llum de la Vila, l&#8217;<span style=\"color: #ff6600;\">E<\/span>spai de Crian\u00e7a Familiar<\/strong><\/span> del barri, on teniu <span style=\"color: #ff6600;\"><a href=\"https:\/\/lallumdelavila.com\/blog\/espai-petits\/\"><strong>\u00a0l&#8217;Escoleta d&#8217;Educaci\u00f3 Viva<\/strong><\/a><strong><span style=\"color: #ff6600;\"> 1-6<\/span>, <\/strong><span style=\"color: #000000;\">on els vostres petitons poden <\/span><\/span>venir a gaudir, a jugar, a divertir-se, a riure, a aprenendre i a experimentar, a viure plenament mentre van creixent de la m\u00e0 d&#8217;un equip de mestres professionals i atentes tant amb els petitons com amb les seves fam\u00edlies; \u00e9s una escoleta propera, del barri, on tamb\u00e9 fem <span style=\"color: #ff6600;\"><strong><a href=\"https:\/\/lallumdelavila.com\/blog\/tallers\/\">Cursos, Tallers i Activitats<\/a> per gaudir del temps en fam\u00edlia <\/strong><\/span>amb tots els sentits, un espai per <strong>fomentar la relaci\u00f3 entre fam\u00edlies<\/strong> i fer que cada dia estigui ple de <strong>bones estones de petits i grans junts<\/strong>.<\/p>\n<h4 style=\"text-align: center;\"><span style=\"color: #ff6600;\"><strong>Benvinguts a<\/strong><\/span><br \/><span style=\"color: #ff6600;\"><strong>LA LLUM DE LA VILA<\/strong><\/span><\/h4>\n<p><a href=\"https:\/\/lallumdelavila.com\/blog\/wp-content\/uploads\/2020\/10\/Espacio_21.jpg\"><img loading=\"lazy\" decoding=\"async\" class=\"aligncenter size-large wp-image-2479\" src=\"https:\/\/lallumdelavila.com\/blog\/wp-content\/uploads\/2020\/10\/Espacio_21-1024x768.jpg\" alt=\"\" width=\"1024\" height=\"768\" srcset=\"https:\/\/lallumdelavila.com\/blog\/wp-content\/uploads\/2020\/10\/Espacio_21-1024x768.jpg 1024w, https:\/\/lallumdelavila.com\/blog\/wp-content\/uploads\/2020\/10\/Espacio_21-300x225.jpg 300w, https:\/\/lallumdelavila.com\/blog\/wp-content\/uploads\/2020\/10\/Espacio_21-768x576.jpg 768w, https:\/\/lallumdelavila.com\/blog\/wp-content\/uploads\/2020\/10\/Espacio_21-1536x1152.jpg 1536w, https:\/\/lallumdelavila.com\/blog\/wp-content\/uploads\/2020\/10\/Espacio_21.jpg 2000w\" sizes=\"auto, (max-width: 1024px) 100vw, 1024px\" \/><\/a><\/p>\n<p>El meu marit i jo <b>creem La Llum de la Vila arrel de la nostra experi\u00e8ncia com a pares,\u00a0<\/b>amb l&#8217;objectiu de crear una escola de crian\u00e7a familiar, de qualitat pedag\u00f2gica, de confian\u00e7a compartida, segura i carinyosa a mida humana, per als nens i nenes i els seus pares i mares, tots junts, fam\u00edlia, peques i escoleta, tots creixem a La Llum de la Vila, perqu\u00e8 \u00e9s aix\u00ed que ens desenvolupem feli\u00e7ment i en armonia.<\/p>\n<p>Actualment la nostra escoleta est\u00e0 ubicada en un espai brillant on hi podem trobar:<\/p>\n<h3 style=\"text-align: left;\"><span style=\"color: #ff6600;\"><strong>LA SALA LA VILA:<\/strong><\/span><\/h3>\n<p><a href=\"https:\/\/lallumdelavila.com\/blog\/wp-content\/uploads\/2020\/10\/Espacio_41.jpg\"><img loading=\"lazy\" decoding=\"async\" class=\"aligncenter wp-image-2480 size-large\" src=\"https:\/\/lallumdelavila.com\/blog\/wp-content\/uploads\/2020\/10\/Espacio_41-1024x768.jpg\" alt=\"\" width=\"1024\" height=\"768\" srcset=\"https:\/\/lallumdelavila.com\/blog\/wp-content\/uploads\/2020\/10\/Espacio_41-1024x768.jpg 1024w, https:\/\/lallumdelavila.com\/blog\/wp-content\/uploads\/2020\/10\/Espacio_41-300x225.jpg 300w, https:\/\/lallumdelavila.com\/blog\/wp-content\/uploads\/2020\/10\/Espacio_41-768x576.jpg 768w, https:\/\/lallumdelavila.com\/blog\/wp-content\/uploads\/2020\/10\/Espacio_41-1536x1152.jpg 1536w, https:\/\/lallumdelavila.com\/blog\/wp-content\/uploads\/2020\/10\/Espacio_41.jpg 2000w\" sizes=\"auto, (max-width: 1024px) 100vw, 1024px\" \/><\/a><\/p>\n<p><a href=\"https:\/\/lallumdelavila.com\/blog\/wp-content\/uploads\/2020\/10\/IMG_0560.jpg\"><img loading=\"lazy\" decoding=\"async\" class=\"alignleft size-thumbnail wp-image-2486\" src=\"https:\/\/lallumdelavila.com\/blog\/wp-content\/uploads\/2020\/10\/IMG_0560-150x150.jpg\" alt=\"\" width=\"150\" height=\"150\" \/><\/a><\/p>\n<p style=\"text-align: left;\"><span class=\"Apple-style-span\" style=\"display: inline; float: none;\"><span class=\"Apple-style-span\" style=\"display: inline; float: none;\"><span class=\"Apple-style-span\" style=\"display: inline; float: none;\"><span class=\"Apple-style-span\" style=\"display: inline; float: none;\"><span class=\"Apple-style-span\" style=\"display: inline; float: none;\"><span class=\"Apple-style-span\" style=\"font-size: 14px; line-height: 20px; display: inline; float: none; font-weight: normal;\"><span class=\"Apple-style-span\" style=\"font-weight: normal; display: inline; float: none;\">\u00c9s un <strong>espai ple de joc per als nens i nenes d&#8217;1 a 6 anys<\/strong>, amb diferents racons, entre d\u2019altres, de pissarra, de construcci\u00f3 i rodes, de nines i ninus, de lectura, de manualitats i jocs de taula, de nadons, de disfresses (joc simb\u00f2lic) i de natura (estacions), entre d&#8217;altres, on la llum natural brilla arreu perqu\u00e8 hi juguin pel seu compte o amb la companyia dels pares o companys i companyes.\u00a0<\/span><\/span><\/span><\/span><\/span><\/span><\/span><\/p>\n<p><a href=\"https:\/\/lallumdelavila.com\/blog\/wp-content\/uploads\/2020\/10\/IMG_0648.jpg\"><img loading=\"lazy\" decoding=\"async\" class=\"alignright size-large wp-image-2490\" src=\"https:\/\/lallumdelavila.com\/blog\/wp-content\/uploads\/2020\/10\/IMG_0648-1024x767.jpg\" alt=\"\" width=\"1024\" height=\"767\" srcset=\"https:\/\/lallumdelavila.com\/blog\/wp-content\/uploads\/2020\/10\/IMG_0648-1024x767.jpg 1024w, https:\/\/lallumdelavila.com\/blog\/wp-content\/uploads\/2020\/10\/IMG_0648-300x225.jpg 300w, https:\/\/lallumdelavila.com\/blog\/wp-content\/uploads\/2020\/10\/IMG_0648-768x576.jpg 768w, https:\/\/lallumdelavila.com\/blog\/wp-content\/uploads\/2020\/10\/IMG_0648-1536x1151.jpg 1536w, https:\/\/lallumdelavila.com\/blog\/wp-content\/uploads\/2020\/10\/IMG_0648.jpg 2000w\" sizes=\"auto, (max-width: 1024px) 100vw, 1024px\" \/><\/a><\/p>\n<p><a href=\"https:\/\/lallumdelavila.com\/blog\/wp-content\/uploads\/2020\/10\/Espacio_8.jpg\"><img loading=\"lazy\" decoding=\"async\" class=\"alignright size-thumbnail wp-image-2481\" src=\"https:\/\/lallumdelavila.com\/blog\/wp-content\/uploads\/2020\/10\/Espacio_8-150x150.jpg\" alt=\"\" width=\"150\" height=\"150\" \/><\/a>Amb menjador i cuina, un lavabo a la seva mida on aprenen a rentar-se i a ser aut\u00f2noms en el seu dia a dia i amb tot\u00a0 d&#8217;elements psicomotrius com el tobogan, el bus, el puf, els matalassos i tots aquells racons actius que ells mateixos es construeixen en aquest espai que \u00e9s viu i on cada dia \u00abparem la taula\u00bb per jugar i viure feli\u00e7ment la nostra jornada a l&#8217;escoleta de vida.<\/p>\n<div id=\"metaslider-id-926\" style=\"max-width: 800px;\" class=\"ml-slider-3-107-0 metaslider metaslider-nivo metaslider-926 ml-slider has-dots-nav ms-theme-default\" role=\"region\" aria-label=\"Local\" data-height=\"500\" data-width=\"800\">\n    <div id=\"metaslider_container_926\">\n        <div class='slider-wrapper theme-default'><div class='ribbon'><\/div><div id='metaslider_926' class='nivoSlider'><img loading=\"lazy\" decoding=\"async\" src=\"https:\/\/lallumdelavila.com\/blog\/wp-content\/uploads\/2013\/10\/La-Llum-de-la-Vila7-680x425.jpg\" height=\"500\" width=\"800\" title=\"Relejate y toma un Caf\u00e9\" alt=\"\" class=\"slider-926 slide-901 msDefaultImage\" \/><img loading=\"lazy\" decoding=\"async\" src=\"https:\/\/lallumdelavila.com\/blog\/wp-content\/uploads\/2015\/01\/La-Llum-de-la-Vila4-680x425.jpg\" height=\"500\" width=\"800\" title=\"Hora de Jugar\" alt=\"\" class=\"slider-926 slide-923 msDefaultImage\" \/><img loading=\"lazy\" decoding=\"async\" src=\"https:\/\/lallumdelavila.com\/blog\/wp-content\/uploads\/2015\/01\/La-Llum-de-la-Vila3-659x412.jpg\" height=\"500\" width=\"800\" title=\"Zona de manualidades\" alt=\"\" class=\"slider-926 slide-922 msDefaultImage\" \/><img loading=\"lazy\" decoding=\"async\" src=\"https:\/\/lallumdelavila.com\/blog\/wp-content\/uploads\/2015\/01\/La-Llum-de-la-Vila1-680x425.jpg\" height=\"500\" width=\"800\" title=\"Espacio de Crecimiento\" alt=\"\" class=\"slider-926 slide-921 msDefaultImage\" \/><img loading=\"lazy\" decoding=\"async\" src=\"https:\/\/lallumdelavila.com\/blog\/wp-content\/uploads\/2015\/01\/La-Llum-de-la-Vila-Bus-600x375.jpg\" height=\"500\" width=\"800\" title=\"EL Bus de la Llum\" alt=\"\" class=\"slider-926 slide-920 msDefaultImage\" \/><\/div><\/div>\n        \n    <\/div>\n<\/div>\n<h3><span style=\"color: #ff6600;\"><strong>LA SALA LA LLUM:<\/strong><\/span><\/h3>\n<p><a href=\"https:\/\/lallumdelavila.com\/blog\/wp-content\/uploads\/2020\/10\/IMG_20190207_091019.jpg\"><img loading=\"lazy\" decoding=\"async\" class=\"aligncenter size-full wp-image-2496\" src=\"https:\/\/lallumdelavila.com\/blog\/wp-content\/uploads\/2020\/10\/IMG_20190207_091019.jpg\" alt=\"\" width=\"800\" height=\"600\" srcset=\"https:\/\/lallumdelavila.com\/blog\/wp-content\/uploads\/2020\/10\/IMG_20190207_091019.jpg 800w, https:\/\/lallumdelavila.com\/blog\/wp-content\/uploads\/2020\/10\/IMG_20190207_091019-300x225.jpg 300w, https:\/\/lallumdelavila.com\/blog\/wp-content\/uploads\/2020\/10\/IMG_20190207_091019-768x576.jpg 768w\" sizes=\"auto, (max-width: 800px) 100vw, 800px\" \/><\/a><\/p>\n<p><a href=\"https:\/\/lallumdelavila.com\/blog\/wp-content\/uploads\/2020\/10\/IMG_20191022_105102-scaled.jpg\"><img loading=\"lazy\" decoding=\"async\" class=\"alignright size-thumbnail wp-image-2500\" src=\"https:\/\/lallumdelavila.com\/blog\/wp-content\/uploads\/2020\/10\/IMG_20191022_105102-150x150.jpg\" alt=\"\" width=\"150\" height=\"150\" \/><\/a>El nostre espai m\u00e0gic, on hi fem titelles, m\u00fasica, audicions, sorpreses, teatrillos, psicomotricitat, jocs especials, pintures, experimentacions de tot tipus i tot all\u00f2 que se&#8217;ns acut, la sala petita on ens hi encanta anar, sempre plena de sorpreses, i on a m\u00e9s a m\u00e9s dormen les siestes o corren i corren fins a caure esgotats de tant riure i c\u00f3rrer, com a excelents \u00ablocos bajitos\u00bb que s\u00f3n els peques i que tant b\u00e9 va descriure Serrat \ud83d\ude09<\/p>\n<p>Tamb\u00e9 \u00e9s on per les tardes fem les activitats familiars de <span style=\"color: #ff6600;\"><strong>M\u00fasica<\/strong> <\/span>i <span style=\"color: #ff6600;\"><strong>Psicomotricitat<\/strong> <\/span>obertes a la resta de fam\u00edlies que hi vulguin participar.<\/p>\n<p><span class=\"Apple-style-span\" style=\"display: inline;\"><span class=\"Apple-style-span\" style=\"display: inline;\"><a href=\"https:\/\/lallumdelavila.com\/blog\/wp-content\/uploads\/2020\/10\/IMG_20191122_123029.jpg\"><img loading=\"lazy\" decoding=\"async\" class=\"alignleft size-thumbnail wp-image-2501\" src=\"https:\/\/lallumdelavila.com\/blog\/wp-content\/uploads\/2020\/10\/IMG_20191122_123029-150x150.jpg\" alt=\"\" width=\"150\" height=\"150\" \/><\/a> Els dos espais juntament amb la llum del sol que brilla per tot arreu, el pati verd que ens alegra la vista, el jard\u00ed ple de fulles que ens deixa que li fem pessigolles, els colors de les fulles dels arbres i les flors que trobem, els ve\u00efns, cotxes i camions que veiem passar per les vidrieres, tots aquests espais juntament amb el parc que tenim al costat amb gronxadors, estructures per enfilar-s&#8217;hi, sorra i font, s\u00f3n on creixen els peques i les seves fam\u00edlies, que juntament amb l&#8217;equip docent i jo mateixa formem la nostra escoleta.<\/span><\/span><\/p>\n<p><a href=\"https:\/\/lallumdelavila.com\/blog\/wp-content\/uploads\/2020\/10\/IMG_1540-scaled.jpg\"><img loading=\"lazy\" decoding=\"async\" class=\"aligncenter size-medium wp-image-2491\" src=\"https:\/\/lallumdelavila.com\/blog\/wp-content\/uploads\/2020\/10\/IMG_1540-225x300.jpg\" alt=\"\" width=\"225\" height=\"300\" srcset=\"https:\/\/lallumdelavila.com\/blog\/wp-content\/uploads\/2020\/10\/IMG_1540-225x300.jpg 225w, https:\/\/lallumdelavila.com\/blog\/wp-content\/uploads\/2020\/10\/IMG_1540-768x1024.jpg 768w, https:\/\/lallumdelavila.com\/blog\/wp-content\/uploads\/2020\/10\/IMG_1540-1152x1536.jpg 1152w, https:\/\/lallumdelavila.com\/blog\/wp-content\/uploads\/2020\/10\/IMG_1540-1536x2048.jpg 1536w, https:\/\/lallumdelavila.com\/blog\/wp-content\/uploads\/2020\/10\/IMG_1540-scaled.jpg 1920w\" sizes=\"auto, (max-width: 225px) 100vw, 225px\" \/><\/a><\/p>\n<p><a href=\"https:\/\/lallumdelavila.com\/blog\/wp-content\/uploads\/2020\/10\/IMG_0637.jpg\"><img loading=\"lazy\" decoding=\"async\" class=\"aligncenter size-medium wp-image-2489\" src=\"https:\/\/lallumdelavila.com\/blog\/wp-content\/uploads\/2020\/10\/IMG_0637-300x225.jpg\" alt=\"\" width=\"300\" height=\"225\" srcset=\"https:\/\/lallumdelavila.com\/blog\/wp-content\/uploads\/2020\/10\/IMG_0637-300x225.jpg 300w, https:\/\/lallumdelavila.com\/blog\/wp-content\/uploads\/2020\/10\/IMG_0637-1024x768.jpg 1024w, https:\/\/lallumdelavila.com\/blog\/wp-content\/uploads\/2020\/10\/IMG_0637-768x576.jpg 768w, https:\/\/lallumdelavila.com\/blog\/wp-content\/uploads\/2020\/10\/IMG_0637-1536x1152.jpg 1536w, https:\/\/lallumdelavila.com\/blog\/wp-content\/uploads\/2020\/10\/IMG_0637.jpg 2000w\" sizes=\"auto, (max-width: 300px) 100vw, 300px\" \/><\/a><\/p>\n<p><a href=\"https:\/\/lallumdelavila.com\/blog\/wp-content\/uploads\/2020\/10\/IMG_20180927_100907-scaled.jpg\"><img loading=\"lazy\" decoding=\"async\" class=\"aligncenter size-medium wp-image-2493\" src=\"https:\/\/lallumdelavila.com\/blog\/wp-content\/uploads\/2020\/10\/IMG_20180927_100907-300x225.jpg\" alt=\"\" width=\"300\" height=\"225\" srcset=\"https:\/\/lallumdelavila.com\/blog\/wp-content\/uploads\/2020\/10\/IMG_20180927_100907-300x225.jpg 300w, https:\/\/lallumdelavila.com\/blog\/wp-content\/uploads\/2020\/10\/IMG_20180927_100907-1024x768.jpg 1024w, https:\/\/lallumdelavila.com\/blog\/wp-content\/uploads\/2020\/10\/IMG_20180927_100907-768x576.jpg 768w, https:\/\/lallumdelavila.com\/blog\/wp-content\/uploads\/2020\/10\/IMG_20180927_100907-1536x1152.jpg 1536w, https:\/\/lallumdelavila.com\/blog\/wp-content\/uploads\/2020\/10\/IMG_20180927_100907-2048x1536.jpg 2048w\" sizes=\"auto, (max-width: 300px) 100vw, 300px\" \/><\/a><\/p>\n<p><a href=\"https:\/\/lallumdelavila.com\/blog\/wp-content\/uploads\/2020\/10\/IMG_0606.jpg\"><img loading=\"lazy\" decoding=\"async\" class=\"aligncenter size-medium wp-image-2487\" src=\"https:\/\/lallumdelavila.com\/blog\/wp-content\/uploads\/2020\/10\/IMG_0606-300x225.jpg\" alt=\"\" width=\"300\" height=\"225\" srcset=\"https:\/\/lallumdelavila.com\/blog\/wp-content\/uploads\/2020\/10\/IMG_0606-300x225.jpg 300w, https:\/\/lallumdelavila.com\/blog\/wp-content\/uploads\/2020\/10\/IMG_0606-1024x768.jpg 1024w, https:\/\/lallumdelavila.com\/blog\/wp-content\/uploads\/2020\/10\/IMG_0606-768x576.jpg 768w, https:\/\/lallumdelavila.com\/blog\/wp-content\/uploads\/2020\/10\/IMG_0606-1536x1152.jpg 1536w, https:\/\/lallumdelavila.com\/blog\/wp-content\/uploads\/2020\/10\/IMG_0606.jpg 2000w\" sizes=\"auto, (max-width: 300px) 100vw, 300px\" \/><\/a><\/p>\n<p><a href=\"https:\/\/lallumdelavila.com\/blog\/wp-content\/uploads\/2020\/10\/IMG_1565-scaled.jpg\"><img loading=\"lazy\" decoding=\"async\" class=\"aligncenter size-medium wp-image-2492\" src=\"https:\/\/lallumdelavila.com\/blog\/wp-content\/uploads\/2020\/10\/IMG_1565-300x225.jpg\" alt=\"\" width=\"300\" height=\"225\" srcset=\"https:\/\/lallumdelavila.com\/blog\/wp-content\/uploads\/2020\/10\/IMG_1565-300x225.jpg 300w, https:\/\/lallumdelavila.com\/blog\/wp-content\/uploads\/2020\/10\/IMG_1565-1024x768.jpg 1024w, https:\/\/lallumdelavila.com\/blog\/wp-content\/uploads\/2020\/10\/IMG_1565-768x576.jpg 768w, https:\/\/lallumdelavila.com\/blog\/wp-content\/uploads\/2020\/10\/IMG_1565-1536x1152.jpg 1536w, https:\/\/lallumdelavila.com\/blog\/wp-content\/uploads\/2020\/10\/IMG_1565-2048x1536.jpg 2048w\" sizes=\"auto, (max-width: 300px) 100vw, 300px\" \/><\/a><\/p>\n<p><a href=\"https:\/\/lallumdelavila.com\/blog\/wp-content\/uploads\/2020\/10\/IMG_20200117_110658-scaled.jpg\"><img loading=\"lazy\" decoding=\"async\" class=\"aligncenter size-medium wp-image-2502\" src=\"https:\/\/lallumdelavila.com\/blog\/wp-content\/uploads\/2020\/10\/IMG_20200117_110658-300x225.jpg\" alt=\"\" width=\"300\" height=\"225\" srcset=\"https:\/\/lallumdelavila.com\/blog\/wp-content\/uploads\/2020\/10\/IMG_20200117_110658-300x225.jpg 300w, https:\/\/lallumdelavila.com\/blog\/wp-content\/uploads\/2020\/10\/IMG_20200117_110658-1024x768.jpg 1024w, https:\/\/lallumdelavila.com\/blog\/wp-content\/uploads\/2020\/10\/IMG_20200117_110658-768x576.jpg 768w, https:\/\/lallumdelavila.com\/blog\/wp-content\/uploads\/2020\/10\/IMG_20200117_110658-1536x1152.jpg 1536w, https:\/\/lallumdelavila.com\/blog\/wp-content\/uploads\/2020\/10\/IMG_20200117_110658-2048x1536.jpg 2048w\" sizes=\"auto, (max-width: 300px) 100vw, 300px\" \/><\/a><\/p>\n<p><a href=\"https:\/\/lallumdelavila.com\/blog\/wp-content\/uploads\/2020\/10\/IMG_0480.jpg\"><img loading=\"lazy\" decoding=\"async\" class=\"aligncenter size-medium wp-image-2483\" src=\"https:\/\/lallumdelavila.com\/blog\/wp-content\/uploads\/2020\/10\/IMG_0480-300x225.jpg\" alt=\"\" width=\"300\" height=\"225\" srcset=\"https:\/\/lallumdelavila.com\/blog\/wp-content\/uploads\/2020\/10\/IMG_0480-300x225.jpg 300w, https:\/\/lallumdelavila.com\/blog\/wp-content\/uploads\/2020\/10\/IMG_0480-1024x769.jpg 1024w, https:\/\/lallumdelavila.com\/blog\/wp-content\/uploads\/2020\/10\/IMG_0480-768x576.jpg 768w, https:\/\/lallumdelavila.com\/blog\/wp-content\/uploads\/2020\/10\/IMG_0480-1536x1153.jpg 1536w, https:\/\/lallumdelavila.com\/blog\/wp-content\/uploads\/2020\/10\/IMG_0480.jpg 2000w\" sizes=\"auto, (max-width: 300px) 100vw, 300px\" \/><\/a><\/p>\n<p><a href=\"https:\/\/lallumdelavila.com\/blog\/wp-content\/uploads\/2020\/10\/IMG_0609.jpg\"><img loading=\"lazy\" decoding=\"async\" class=\"aligncenter size-medium wp-image-2488\" src=\"https:\/\/lallumdelavila.com\/blog\/wp-content\/uploads\/2020\/10\/IMG_0609-300x225.jpg\" alt=\"\" width=\"300\" height=\"225\" srcset=\"https:\/\/lallumdelavila.com\/blog\/wp-content\/uploads\/2020\/10\/IMG_0609-300x225.jpg 300w, https:\/\/lallumdelavila.com\/blog\/wp-content\/uploads\/2020\/10\/IMG_0609-1024x767.jpg 1024w, https:\/\/lallumdelavila.com\/blog\/wp-content\/uploads\/2020\/10\/IMG_0609-768x576.jpg 768w, https:\/\/lallumdelavila.com\/blog\/wp-content\/uploads\/2020\/10\/IMG_0609-1536x1151.jpg 1536w, https:\/\/lallumdelavila.com\/blog\/wp-content\/uploads\/2020\/10\/IMG_0609.jpg 2000w\" sizes=\"auto, (max-width: 300px) 100vw, 300px\" \/><\/a><\/p>\n<p><span class=\"Apple-style-span\" style=\"display: inline;\"><span class=\"Apple-style-span\" style=\"display: inline;\">\u00a0<\/span><\/span><\/p>\n<p><span class=\"Apple-style-span\" style=\"display: inline;\"><span class=\"Apple-style-span\" style=\"display: inline;\">\u00a0<\/span><\/span><\/p>\n<p><b>\u00a0<\/b><\/p>\n\n\n<p><\/p>\n","protected":false},"excerpt":{"rendered":"<p>Benvolgudes fam\u00edlies, \u00c9s un plaer obrir-vos les portes a La Llum de la Vila, l&#8217;Espai de Crian\u00e7a Familiar del barri, on teniu \u00a0l&#8217;Escoleta d&#8217;Educaci\u00f3 Viva 1-6, on els vostres petitons poden venir a gaudir, a jugar, a divertir-se, a riure, a aprenendre i a experimentar, a viure plenament mentre van creixent de la m\u00e0 d&#8217;un [&hellip;]<\/p>\n","protected":false},"author":2,"featured_media":901,"parent":0,"menu_order":0,"comment_status":"closed","ping_status":"closed","template":"","meta":{"footnotes":""},"class_list":["post-2","page","type-page","status-publish","has-post-thumbnail","czr-hentry"],"_links":{"self":[{"href":"https:\/\/lallumdelavila.com\/blog\/wp-json\/wp\/v2\/pages\/2","targetHints":{"allow":["GET"]}}],"collection":[{"href":"https:\/\/lallumdelavila.com\/blog\/wp-json\/wp\/v2\/pages"}],"about":[{"href":"https:\/\/lallumdelavila.com\/blog\/wp-json\/wp\/v2\/types\/page"}],"author":[{"embeddable":true,"href":"https:\/\/lallumdelavila.com\/blog\/wp-json\/wp\/v2\/users\/2"}],"replies":[{"embeddable":true,"href":"https:\/\/lallumdelavila.com\/blog\/wp-json\/wp\/v2\/comments?post=2"}],"version-history":[{"count":39,"href":"https:\/\/lallumdelavila.com\/blog\/wp-json\/wp\/v2\/pages\/2\/revisions"}],"predecessor-version":[{"id":2727,"href":"https:\/\/lallumdelavila.com\/blog\/wp-json\/wp\/v2\/pages\/2\/revisions\/2727"}],"wp:featuredmedia":[{"embeddable":true,"href":"https:\/\/lallumdelavila.com\/blog\/wp-json\/wp\/v2\/media\/901"}],"wp:attachment":[{"href":"https:\/\/lallumdelavila.com\/blog\/wp-json\/wp\/v2\/media?parent=2"}],"curies":[{"name":"wp","href":"https:\/\/api.w.org\/{rel}","templated":true}]}}