{"id":1635,"date":"2016-06-04T20:52:15","date_gmt":"2016-06-04T20:52:15","guid":{"rendered":"http:\/\/gray-otter-722198.hostingersite.com\/?page_id=1635"},"modified":"2024-06-17T15:56:07","modified_gmt":"2024-06-17T15:56:07","slug":"ukelelala-junior","status":"publish","type":"page","link":"https:\/\/lallumdelavila.com\/blog\/ukelelala-junior\/","title":{"rendered":"UKELELALA JUNIOR"},"content":{"rendered":"<h2 style=\"text-align: center;\"><strong><span style=\"color: #ff6600;\">Apr\u00e8n a tocar l\u2019Ukelele en un taller de luxe !!!<\/span><\/strong><\/h2>\n<h2 style=\"text-align: center;\"><strong><span style=\"color: #ff6600;\">Ja tenim aqu\u00ed:<\/span><\/strong><\/h2>\n<h2 style=\"text-align: center;\"><strong><span style=\"color: #ff6600;\">UKELELALA JUNIOR<\/span><\/strong><\/h2>\n<p><a href=\"https:\/\/lallumdelavila.com\/blog\/wp-content\/uploads\/2024\/06\/WhatsApp-Image-2024-06-17-at-17.39.00-1.jpeg\"><img loading=\"lazy\" decoding=\"async\" class=\"aligncenter wp-image-2668 size-large\" src=\"https:\/\/lallumdelavila.com\/blog\/wp-content\/uploads\/2024\/06\/WhatsApp-Image-2024-06-17-at-17.39.00-1-1024x632.jpeg\" alt=\"\" width=\"1024\" height=\"632\" srcset=\"https:\/\/lallumdelavila.com\/blog\/wp-content\/uploads\/2024\/06\/WhatsApp-Image-2024-06-17-at-17.39.00-1-1024x632.jpeg 1024w, https:\/\/lallumdelavila.com\/blog\/wp-content\/uploads\/2024\/06\/WhatsApp-Image-2024-06-17-at-17.39.00-1-300x185.jpeg 300w, https:\/\/lallumdelavila.com\/blog\/wp-content\/uploads\/2024\/06\/WhatsApp-Image-2024-06-17-at-17.39.00-1-768x474.jpeg 768w, https:\/\/lallumdelavila.com\/blog\/wp-content\/uploads\/2024\/06\/WhatsApp-Image-2024-06-17-at-17.39.00-1-1536x948.jpeg 1536w, https:\/\/lallumdelavila.com\/blog\/wp-content\/uploads\/2024\/06\/WhatsApp-Image-2024-06-17-at-17.39.00-1.jpeg 1600w\" sizes=\"auto, (max-width: 1024px) 100vw, 1024px\" \/><\/a><\/p>\n<p><span style=\"color: #ff6600;\"><strong>Amb Salva Rey<\/strong><\/span><\/p>\n<p>Per a nens i nenes de <strong>+8 anys<\/strong><\/p>\n<p>Dilluns a les 17.30h &#8211; 195\u20ac\/trimestre<\/p>\n<p>Inici Curs 2024-2025 dilluns 7 d&#8217;octubre<\/p>\n<p>Inscripcions obertes tot l&#8217;any. M\u00e9s informaci\u00f3 i detalls\u00a0a hola@gray-otter-722198.hostingersite.com<\/p>\n<p>Per reservar la pla\u00e7a heu de fer un ingr\u00e9s de 50\u20ac al IBAN de PETITS I GRANS, SL a Banc Sabadell: ES34 0081 0376 4300 0125 5335 i enviar-nos el comprobant per mail. Grup de m\u00e0xim 6 nens i nenes. Inscripcions per ordre de demanda. Gr\u00e0cies.<\/p>\n<div id=\"attachment_1974\" style=\"width: 310px\" class=\"wp-caption alignleft\"><a href=\"https:\/\/lallumdelavila.com\/blog\/wp-content\/uploads\/2017\/08\/ukelelala-junior-1.jpg\"><img loading=\"lazy\" decoding=\"async\" aria-describedby=\"caption-attachment-1974\" class=\"wp-image-1974 size-medium\" src=\"https:\/\/lallumdelavila.com\/blog\/wp-content\/uploads\/2017\/08\/ukelelala-junior-1-300x169.jpg\" alt=\"\" width=\"300\" height=\"169\" srcset=\"https:\/\/lallumdelavila.com\/blog\/wp-content\/uploads\/2017\/08\/ukelelala-junior-1-300x169.jpg 300w, https:\/\/lallumdelavila.com\/blog\/wp-content\/uploads\/2017\/08\/ukelelala-junior-1-768x432.jpg 768w, https:\/\/lallumdelavila.com\/blog\/wp-content\/uploads\/2017\/08\/ukelelala-junior-1.jpg 800w\" sizes=\"auto, (max-width: 300px) 100vw, 300px\" \/><\/a><p id=\"caption-attachment-1974\" class=\"wp-caption-text\">Do dooooo&#8230;<\/p><\/div>\n<p>Un taller \u00fanic i ben especial, a La Llum de la Vila i de la m\u00e0 de <b>Salva Rey, <\/b>el \u00abREY DE L&#8217;UKELELE\u00bb, autor dels llibres \u00abUKELELALA, APRENDE A TOCAR EL UKELELE EN FAMILIA\u00bb i \u00abUKE, EL MEU PRIMER LLIBRE D&#8217;UKELELE\u00bb que us servir\u00e1n de manual per a aquest curs.<\/p>\n<p>Per qu\u00e8 fem servir l\u2019ukelele? Aquest instrument t\u00e9 tota una s\u00e8rie d\u2019avantatges, que ja l\u2019han dut a desbancar a la flauta dol\u00e7a com a instrument per a l\u2019aprenentatge musical a les escoles de prim\u00e0ria a diversos pa\u00efsos europeus.<\/p>\n<div id=\"attachment_1975\" style=\"width: 310px\" class=\"wp-caption alignright\"><a href=\"https:\/\/lallumdelavila.com\/blog\/wp-content\/uploads\/2017\/08\/ukelelala-junior-2.jpg\"><img loading=\"lazy\" decoding=\"async\" aria-describedby=\"caption-attachment-1975\" class=\"wp-image-1975 size-medium\" src=\"https:\/\/lallumdelavila.com\/blog\/wp-content\/uploads\/2017\/08\/ukelelala-junior-2-300x169.jpg\" alt=\"\" width=\"300\" height=\"169\" srcset=\"https:\/\/lallumdelavila.com\/blog\/wp-content\/uploads\/2017\/08\/ukelelala-junior-2-300x169.jpg 300w, https:\/\/lallumdelavila.com\/blog\/wp-content\/uploads\/2017\/08\/ukelelala-junior-2-768x432.jpg 768w, https:\/\/lallumdelavila.com\/blog\/wp-content\/uploads\/2017\/08\/ukelelala-junior-2.jpg 800w\" sizes=\"auto, (max-width: 300px) 100vw, 300px\" \/><\/a><p id=\"caption-attachment-1975\" class=\"wp-caption-text\">Tots ben atents \ud83d\ude09<\/p><\/div>\n<p>Les avantatges de l\u2019ukelele s\u00f3n que:<\/p>\n<p>a) \u00c9s pr\u00e0ctic de guardar i transportar. T\u00e9 un manteniment m\u00ednim.<\/p>\n<p>b) \u00c9s barat; per la meitat del que costa una guitarra de principiant tenim un bon ukelele (60\u20ac aprox.).<\/p>\n<p>c) No intimida els nens, com pot fer-ho per exemple la guitarra (sobre tot als m\u00e9s petits de la casa).<\/p>\n<p>d) No cal tenir ni les mans grans, ni gaire for\u00e7a als dits per tocar-lo.<\/p>\n<div id=\"attachment_1979\" style=\"width: 310px\" class=\"wp-caption alignright\"><a href=\"https:\/\/lallumdelavila.com\/blog\/wp-content\/uploads\/2017\/08\/ukelelala-junior-4.jpg\"><img loading=\"lazy\" decoding=\"async\" aria-describedby=\"caption-attachment-1979\" class=\"wp-image-1979 size-medium\" src=\"https:\/\/lallumdelavila.com\/blog\/wp-content\/uploads\/2017\/08\/ukelelala-junior-4-300x169.jpg\" alt=\"\" width=\"300\" height=\"169\" srcset=\"https:\/\/lallumdelavila.com\/blog\/wp-content\/uploads\/2017\/08\/ukelelala-junior-4-300x169.jpg 300w, https:\/\/lallumdelavila.com\/blog\/wp-content\/uploads\/2017\/08\/ukelelala-junior-4-768x432.jpg 768w, https:\/\/lallumdelavila.com\/blog\/wp-content\/uploads\/2017\/08\/ukelelala-junior-4.jpg 800w\" sizes=\"auto, (max-width: 300px) 100vw, 300px\" \/><\/a><p id=\"caption-attachment-1979\" class=\"wp-caption-text\">Tocant tranquilament, com en una trobada d&#8217;amics ukelelistes \ud83d\ude09<\/p><\/div>\n<p>e) La formaci\u00f3 d\u2019acords \u00e9s molt senzilla.<\/p>\n<p>A <strong><span style=\"color: #ff6600;\">Ukelelala Junior<\/span><\/strong> desmitificarem una mica el proc\u00e9s d\u2019aprenentatge de l\u2019instrument. Combinant-lo amb t\u00e8cniques narratives, descobrirem que amb una quantitat molt redu\u00efda de posicions de dits podrem abastar un repertori immens, i no nom\u00e9s de can\u00e7\u00f3 infantil\u2026<\/p>\n<div id=\"attachment_1976\" style=\"width: 810px\" class=\"wp-caption aligncenter\"><a href=\"https:\/\/lallumdelavila.com\/blog\/wp-content\/uploads\/2017\/08\/ukelelala-junior-3-diplomats.jpg\"><img loading=\"lazy\" decoding=\"async\" aria-describedby=\"caption-attachment-1976\" class=\"wp-image-1976 size-full\" src=\"https:\/\/lallumdelavila.com\/blog\/wp-content\/uploads\/2017\/08\/ukelelala-junior-3-diplomats.jpg\" alt=\"\" width=\"800\" height=\"450\" srcset=\"https:\/\/lallumdelavila.com\/blog\/wp-content\/uploads\/2017\/08\/ukelelala-junior-3-diplomats.jpg 800w, https:\/\/lallumdelavila.com\/blog\/wp-content\/uploads\/2017\/08\/ukelelala-junior-3-diplomats-300x169.jpg 300w, https:\/\/lallumdelavila.com\/blog\/wp-content\/uploads\/2017\/08\/ukelelala-junior-3-diplomats-768x432.jpg 768w\" sizes=\"auto, (max-width: 800px) 100vw, 800px\" \/><\/a><p id=\"caption-attachment-1976\" class=\"wp-caption-text\">Diplomats curs 2016-2017 &#8211; Felicitats !!! Ens retrobem al setembre \ud83d\ude09<\/p><\/div>\n<div id=\"attachment_2396\" style=\"width: 810px\" class=\"wp-caption aligncenter\"><a href=\"https:\/\/lallumdelavila.com\/blog\/wp-content\/uploads\/2019\/07\/diplomats-junior-18-19.jpg\"><img loading=\"lazy\" decoding=\"async\" aria-describedby=\"caption-attachment-2396\" class=\"wp-image-2396 size-full\" src=\"https:\/\/lallumdelavila.com\/blog\/wp-content\/uploads\/2019\/07\/diplomats-junior-18-19.jpg\" alt=\"\" width=\"800\" height=\"452\" srcset=\"https:\/\/lallumdelavila.com\/blog\/wp-content\/uploads\/2019\/07\/diplomats-junior-18-19.jpg 800w, https:\/\/lallumdelavila.com\/blog\/wp-content\/uploads\/2019\/07\/diplomats-junior-18-19-300x170.jpg 300w, https:\/\/lallumdelavila.com\/blog\/wp-content\/uploads\/2019\/07\/diplomats-junior-18-19-768x434.jpg 768w\" sizes=\"auto, (max-width: 800px) 100vw, 800px\" \/><\/a><p id=\"caption-attachment-2396\" class=\"wp-caption-text\">Promo 2018-2019 \ud83d\ude09<\/p><\/div>\n","protected":false},"excerpt":{"rendered":"<p>Apr\u00e8n a tocar l\u2019Ukelele en un taller de luxe !!! Ja tenim aqu\u00ed: UKELELALA JUNIOR Amb Salva Rey Per a nens i nenes de +8 anys Dilluns a les 17.30h &#8211; 195\u20ac\/trimestre Inici Curs 2024-2025 dilluns 7 d&#8217;octubre Inscripcions obertes tot l&#8217;any. M\u00e9s informaci\u00f3 i detalls\u00a0a hola@gray-otter-722198.hostingersite.com Per reservar la pla\u00e7a heu de fer un [&hellip;]<\/p>\n","protected":false},"author":2,"featured_media":0,"parent":0,"menu_order":0,"comment_status":"closed","ping_status":"closed","template":"","meta":{"footnotes":""},"class_list":["post-1635","page","type-page","status-publish","czr-hentry"],"_links":{"self":[{"href":"https:\/\/lallumdelavila.com\/blog\/wp-json\/wp\/v2\/pages\/1635","targetHints":{"allow":["GET"]}}],"collection":[{"href":"https:\/\/lallumdelavila.com\/blog\/wp-json\/wp\/v2\/pages"}],"about":[{"href":"https:\/\/lallumdelavila.com\/blog\/wp-json\/wp\/v2\/types\/page"}],"author":[{"embeddable":true,"href":"https:\/\/lallumdelavila.com\/blog\/wp-json\/wp\/v2\/users\/2"}],"replies":[{"embeddable":true,"href":"https:\/\/lallumdelavila.com\/blog\/wp-json\/wp\/v2\/comments?post=1635"}],"version-history":[{"count":23,"href":"https:\/\/lallumdelavila.com\/blog\/wp-json\/wp\/v2\/pages\/1635\/revisions"}],"predecessor-version":[{"id":2670,"href":"https:\/\/lallumdelavila.com\/blog\/wp-json\/wp\/v2\/pages\/1635\/revisions\/2670"}],"wp:attachment":[{"href":"https:\/\/lallumdelavila.com\/blog\/wp-json\/wp\/v2\/media?parent=1635"}],"curies":[{"name":"wp","href":"https:\/\/api.w.org\/{rel}","templated":true}]}}